{"id":12726,"date":"2022-04-07T12:16:42","date_gmt":"2022-04-07T10:16:42","guid":{"rendered":"https:\/\/www.8projects.ch\/home\/"},"modified":"2024-06-14T17:29:18","modified_gmt":"2024-06-14T15:29:18","slug":"home","status":"publish","type":"page","link":"https:\/\/www.8projects.ch\/de\/","title":{"rendered":"Home"},"content":{"rendered":"\r\n\r\n<div class=\"section section-header is-home \" style=\"\">\r\n <div id=\"js-parallaxHeroSky\" class=\"section-bg-sky\" style=\"background-image:url(\/wp-content\/themes\/ocean\/assets\/img\/hero\/img-sky.jpg)\"><\/div>\r\n <div id=\"js-parallaxHero1\" class=\"section-bg\" style=\"background-image:url(\/wp-content\/themes\/ocean\/assets\/img\/hero\/img-building.png)\"><\/div><!-- https:\/\/www.8projects.ch\/wp-content\/uploads\/2024\/02\/img-home.jpg-->\r\n <div id=\"js-parallaxHero2\" class=\"section-bg-bottom\" style=\"background-image:url(\/wp-content\/themes\/ocean\/assets\/img\/hero\/img-balcony.png)\"><\/div><!-- https:\/\/www.8projects.ch\/wp-content\/uploads\/2024\/02\/home.png-->\r\n\r\n  <div class=\"container\">\r\n    <div class=\"row\">\r\n      <div class=\"col-xs-12\">\r\n        <div class=\"text-container text-center o-hidden\">\r\n                      <div class=\"pre-title wow fadeInDown\" data-wow-delay=\".6s\">\r\n              <span>Willkommen bei 8 Projects<\/span>\r\n            <\/div>\r\n            \r\n                      <h1 class=\"is-custom \">\r\n              <!-- <p>VISION <em>DRIVEN <\/em><br \/> <strong>DEVELOPMENTS<\/strong><\/p>\n -->\r\n              <span class=\"wow fadeIn\" data-wow-delay=\".5s\">VISION<\/span> \r\n              <em class=\"wow fadeIn\" data-wow-delay=\"1s\">driven<\/em><br> \r\n              <strong class=\"wow fadeIn\" data-wow-delay=\"1.5s\">DEVELOPMENTS<\/strong> \r\n            <\/h1>\r\n           \r\n        <\/div>\r\n      <\/div>\r\n    <\/div>\r\n  <\/div>\r\n\r\n  <div class=\"circle-animated top wow\" style=\"background-image:url(https:\/\/www.8projects.ch\/wp-content\/uploads\/2024\/02\/img-round-02.png)\"><\/div>\r\n  <div class=\"circle-animated bottom wow\" style=\"background-image:url(https:\/\/www.8projects.ch\/wp-content\/uploads\/2024\/02\/img-round-01.png)\"><\/div>\r\n<\/div>\r\n\r\n\r\n<div class=\"section block-simple section-otto\" style=\"\">\r\n  <div class=\"container\">\r\n    <div class=\"row\">\r\n      <div class=\"col-xs-12 col-sm-10 col-md-8 \">\r\n        <div class=\"section-title o-hidden\">\r\n            \r\n                      <div class=\"wow fadeInUp\" data-wow-delay=\".3s\">\r\n              <h3><strong>8 PROJECTS<\/strong> ENTWICKELT INVESTITIONSM\u00d6GLICHKEITEN<\/h3>\n            <\/div>\r\n           \r\n        <\/div>\r\n      <\/div>\r\n    <\/div>\r\n\r\n    <div class=\"row\">\r\n      <div class=\"col-xs-12 col-sm-10 col-sm-offset-2 col-md-8 col-md-offset-4 \">\r\n                  <div class=\"text wow fadeIn\" data-wow-delay=\".6s\">\r\n            <div class=\"lead\">Die Immobilienentwicklung nennt sich auch: <strong>OTTO <\/strong> Projects<\/div>\n<p>Wir haben unseren Sitz in Lugano und konzentrieren uns auf die Entwicklung von Investitionsm\u00f6glichkeiten im Immobiliensektor der Schweiz, aber auch dar\u00fcber hinaus. Wir \u00fcberschreiten die Grenzen, dort wo wir eine Chance sehen oder wo wir vor eine Herausforderung gestellt werden, die wir als profitabel erachten.<\/p>\n          <\/div>\r\n              \r\n\r\n                    <a href=\"https:\/\/www.8projects.ch\/de\/unternehmen\/\" target=\"_self\" class=\"btn btn-primary wow fadeIn\" data-wow-delay=\".9s\">\r\n              Mehr erfahren            <\/a>\r\n              <\/div>\r\n    <\/div>\r\n  <\/div>\r\n\r\n      <div class=\"img-container\">\r\n      <img decoding=\"async\" src=\"https:\/\/www.8projects.ch\/wp-content\/uploads\/2024\/02\/txt-otto.svg\" class=\"img-responsive img-fade wow fadeInUp\" data-wow-delay=\"0.6s\" data-wow-duration=\"1.5s\">\r\n    <\/div>\r\n  <\/div>\r\n\r\n\r\n<div class=\"section section-mask text-center\" style=\"--background-mask-image:url(https:\/\/www.8projects.ch\/wp-content\/uploads\/2024\/02\/bg-home-vision-scaled.jpg);\">\r\n  <div class=\"container\">\r\n    <div class=\"row\">\r\n      <div class=\"col-xs-12\">\r\n        <div class=\"section-title o-hidden\" id=\"js-maskblock_6353cc1dc9c0a8417d5e293328b7c9a8\">\r\n                      <h3 class=\"wow fadeInUp\" data-wow-delay=\".3s\">\r\n              Der Einfluss der <strong>Kunst<\/strong><br>\nDie Harmonie <strong>der Architektur<\/strong><br>\nDie Wahl der <strong>Materialien<\/strong>              <span class=\"text-hover\">\r\n                Der Einfluss der <strong>Kunst<\/strong><br>\nDie Harmonie <strong>der Architektur<\/strong><br>\nDie Wahl der <strong>Materialien<\/strong>              <\/span>\r\n            <\/h3>\r\n           \r\n        <\/div>    \r\n\r\n                    <a href=\"https:\/\/www.8projects.ch\/de\/vision\/\" target=\"_self\" class=\"btn btn-secondary\">Lassen Sie sich inspirieren<\/a>\r\n              <\/div>\r\n    <\/div>\r\n  <\/div>\r\n<\/div>\r\n\r\n<script>\r\n  jQuery(\"#js-maskblock_6353cc1dc9c0a8417d5e293328b7c9a8 h3\").hover(function() {\r\n    jQuery(this).closest(\".section-mask\").toggleClass(\"is-hover\");\r\n  });\r\n<\/script>\r\n\r\n\r\n<div class=\"section section-vision \" style=\"\">\r\n  <div class=\"container\">\r\n    <div class=\"row\">\r\n      <div class=\"col-xs-12 text-center\">\r\n        <div class=\"section-title o-hidden\">\r\n                      <div class=\"wow fadeInUp\" data-wow-delay=\".3s\">\r\n              <h3>8 <span style=\"text-transform: none;\">Projects <\/span> bedeutet&#8230;<br \/>\n<strong>VISIONEN <\/strong> <strong>GESTALTEN<\/strong><\/h3>\n            <\/div>\r\n           \r\n        <\/div>\r\n      <\/div>\r\n    <\/div>\r\n\r\n    <div class=\"row flex align-items-center\">\r\n      <div class=\"col-xs-12 col-sm-6 col-md-4 hidden-xs hidden-sm\">\r\n\r\n                  <ul class=\"list-unstyled list-text\">\r\n\r\n                          <li class=\"wow fadeIn\" data-wow-delay=\".6s\">ENTWICKLUNG <strong>VON <br>IMMOBILIENCHANCEN<\/strong><\/li>\r\n                          <li class=\"wow fadeIn\" data-wow-delay=\".6s\"><strong>BAULEITUNG<\/strong><br> Lavori<\/li>\r\n                          <li class=\"wow fadeIn\" data-wow-delay=\".6s\"><strong>VERWALTUNG<\/strong><br> KOMPLEXER PROJEKTE<\/li>\r\n                          <li class=\"wow fadeIn\" data-wow-delay=\".6s\">GENERAL<br> <strong>CONTRACTOR<\/strong><\/li>\r\n            \r\n          <\/ul>\r\n                \r\n      <\/div>\r\n\r\n      <div class=\"col-xs-12 col-md-4\">\r\n        <div class=\"video-element\">\r\n          <div class=\"videoContainer\">\r\n            <video\r\n              autoplay\r\n              muted=\"muted\"\r\n              loop\r\n              playsinline\r\n              disableRemotePlayback\r\n              class=\"videoBg\"\r\n            >\r\n              <source src=\"https:\/\/www.8projects.ch\/wp-content\/uploads\/2024\/02\/animation-logo.mp4\" type=\"video\/mp4\" \/>\r\n            <\/video>\r\n          <\/div>\r\n        <\/div>\r\n      <\/div>\r\n\r\n      <div class=\"col-xs-12 col-sm-6 col-md-4 hidden-xs hidden-sm\">\r\n\r\n                  <ul class=\"list-unstyled list-text list-second\">\r\n\r\n                          <li class=\"wow fadeIn\" data-wow-delay=\".9s\">INVESTMENTBERATUNG<br> sugli <strong>investimenti<\/strong><\/li>\r\n                          <li class=\"wow fadeIn\" data-wow-delay=\".9s\">SANIERUNGEN<br> UND <strong>RENOVIERUNGEN<\/strong><\/li>\r\n                          <li class=\"wow fadeIn\" data-wow-delay=\".9s\"><strong>PERSONALISIERUNG<\/strong><br> UND AUSSTATTUNG<\/li>\r\n                          <li class=\"wow fadeIn\" data-wow-delay=\".9s\">HI-FI<br> <strong>RAUMGESTALTUNG<\/strong><\/li>\r\n                      <\/ul>\r\n                \r\n      <\/div>\r\n    <\/div>\r\n\r\n    <div class=\"row\">\r\n      <div class=\"col-xs-12 text-center\">\r\n                    <a href=\"https:\/\/www.8projects.ch\/de\/dienstleistungen\/\" target=\"_self\" class=\"btn btn-primary\">UNSERE DIENSTLEISTUNGEN<\/a>\r\n              <\/div>\r\n    <\/div>\r\n  <\/div>\r\n<\/div>\r\n\r\n\r\n<div class=\"section section-parallax \" style=\"\">\r\n\r\n  \r\n  \t<div class=\"section-bg hidden-xs hidden-sm\" style=\"background-image:url(https:\/\/www.8projects.ch\/wp-content\/uploads\/2024\/02\/bg-home-contact-1.jpg)\"><\/div>\r\n  \t<div class=\"section-bg visible-sm\" style=\"background-image:url(https:\/\/www.8projects.ch\/wp-content\/uploads\/2024\/06\/img-parallax-tablet-home.jpg)\"><\/div>\r\n  \t<div class=\"section-bg visible-xs\" style=\"background-image:url(https:\/\/www.8projects.ch\/wp-content\/uploads\/2024\/06\/img-parallax-mobile-home.jpg)\"><\/div>\r\n\r\n  \r\n  <div class=\"container\">\r\n    <div class=\"row\">\r\n      <div class=\"col-xs-12 text-center\">\r\n        <div class=\"section-title o-hidden\">\r\n                      <div class=\"wow fadeInUp\" data-wow-delay=\".3s\">\r\n              <h3>haben sie eine <strong>idee<\/strong>, die entwickelt werden soll?<\/h3>\n            <\/div>\r\n           \r\n        <\/div>\r\n                  <p>Dann nichts wie los.<\/p>\n              \r\n\r\n                    <a href=\"https:\/\/www.8projects.ch\/de\/kontakt\/#contacts\" target=\"_self\" class=\"btn btn-secondary\">Kontaktieren Sie uns.<\/a>\r\n              <\/div>\r\n    <\/div>\r\n  <\/div>\r\n<\/div>\r\n\r\n","protected":false},"excerpt":{"rendered":"","protected":false},"author":1,"featured_media":0,"parent":0,"menu_order":0,"comment_status":"closed","ping_status":"open","template":"","meta":{"_acf_changed":false,"footnotes":""},"class_list":["post-12726","page","type-page","status-publish","hentry"],"acf":[],"yoast_head":"<!-- This site is optimized with the Yoast SEO plugin v22.8 - https:\/\/yoast.com\/wordpress\/plugins\/seo\/ -->\n<title>Lugano Immobilienentwicklung | 8 Projects<\/title>\n<meta name=\"description\" content=\"Wir realisieren Investitionsm\u00f6glichkeiten in Schweizer Immobilien. Beratung und Entwicklung. Haben Sie eine Idee zu entwickeln? Kontaktieren Sie uns jetzt!\" \/>\n<meta name=\"robots\" content=\"index, follow, max-snippet:-1, max-image-preview:large, max-video-preview:-1\" \/>\n<link rel=\"canonical\" href=\"https:\/\/www.8projects.ch\/de\/\" \/>\n<meta property=\"og:locale\" content=\"de_DE\" \/>\n<meta property=\"og:type\" content=\"article\" \/>\n<meta property=\"og:title\" content=\"Lugano Immobilienentwicklung | 8 Projects\" \/>\n<meta property=\"og:description\" content=\"Wir realisieren Investitionsm\u00f6glichkeiten in Schweizer Immobilien. Beratung und Entwicklung. Haben Sie eine Idee zu entwickeln? Kontaktieren Sie uns jetzt!\" \/>\n<meta property=\"og:url\" content=\"https:\/\/www.8projects.ch\/de\/\" \/>\n<meta property=\"og:site_name\" content=\"8 Projects\" \/>\n<meta property=\"article:modified_time\" content=\"2024-06-14T15:29:18+00:00\" \/>\n<meta name=\"twitter:card\" content=\"summary_large_image\" \/>\n<script type=\"application\/ld+json\" class=\"yoast-schema-graph\">{\"@context\":\"https:\/\/schema.org\",\"@graph\":[{\"@type\":\"WebPage\",\"@id\":\"https:\/\/www.8projects.ch\/de\/\",\"url\":\"https:\/\/www.8projects.ch\/de\/\",\"name\":\"Lugano Immobilienentwicklung | 8 Projects\",\"isPartOf\":{\"@id\":\"https:\/\/www.8projects.ch\/de\/#website\"},\"datePublished\":\"2022-04-07T10:16:42+00:00\",\"dateModified\":\"2024-06-14T15:29:18+00:00\",\"description\":\"Wir realisieren Investitionsm\u00f6glichkeiten in Schweizer Immobilien. Beratung und Entwicklung. Haben Sie eine Idee zu entwickeln? Kontaktieren Sie uns jetzt!\",\"inLanguage\":\"de\",\"potentialAction\":[{\"@type\":\"ReadAction\",\"target\":[\"https:\/\/www.8projects.ch\/de\/\"]}]},{\"@type\":\"WebSite\",\"@id\":\"https:\/\/www.8projects.ch\/de\/#website\",\"url\":\"https:\/\/www.8projects.ch\/de\/\",\"name\":\"8 Projects\",\"description\":\"\",\"potentialAction\":[{\"@type\":\"SearchAction\",\"target\":{\"@type\":\"EntryPoint\",\"urlTemplate\":\"https:\/\/www.8projects.ch\/de\/?s={search_term_string}\"},\"query-input\":\"required name=search_term_string\"}],\"inLanguage\":\"de\"}]}<\/script>\n<!-- \/ Yoast SEO plugin. -->","yoast_head_json":{"title":"Lugano Immobilienentwicklung | 8 Projects","description":"Wir realisieren Investitionsm\u00f6glichkeiten in Schweizer Immobilien. Beratung und Entwicklung. Haben Sie eine Idee zu entwickeln? Kontaktieren Sie uns jetzt!","robots":{"index":"index","follow":"follow","max-snippet":"max-snippet:-1","max-image-preview":"max-image-preview:large","max-video-preview":"max-video-preview:-1"},"canonical":"https:\/\/www.8projects.ch\/de\/","og_locale":"de_DE","og_type":"article","og_title":"Lugano Immobilienentwicklung | 8 Projects","og_description":"Wir realisieren Investitionsm\u00f6glichkeiten in Schweizer Immobilien. Beratung und Entwicklung. Haben Sie eine Idee zu entwickeln? Kontaktieren Sie uns jetzt!","og_url":"https:\/\/www.8projects.ch\/de\/","og_site_name":"8 Projects","article_modified_time":"2024-06-14T15:29:18+00:00","twitter_card":"summary_large_image","schema":{"@context":"https:\/\/schema.org","@graph":[{"@type":"WebPage","@id":"https:\/\/www.8projects.ch\/de\/","url":"https:\/\/www.8projects.ch\/de\/","name":"Lugano Immobilienentwicklung | 8 Projects","isPartOf":{"@id":"https:\/\/www.8projects.ch\/de\/#website"},"datePublished":"2022-04-07T10:16:42+00:00","dateModified":"2024-06-14T15:29:18+00:00","description":"Wir realisieren Investitionsm\u00f6glichkeiten in Schweizer Immobilien. Beratung und Entwicklung. Haben Sie eine Idee zu entwickeln? Kontaktieren Sie uns jetzt!","inLanguage":"de","potentialAction":[{"@type":"ReadAction","target":["https:\/\/www.8projects.ch\/de\/"]}]},{"@type":"WebSite","@id":"https:\/\/www.8projects.ch\/de\/#website","url":"https:\/\/www.8projects.ch\/de\/","name":"8 Projects","description":"","potentialAction":[{"@type":"SearchAction","target":{"@type":"EntryPoint","urlTemplate":"https:\/\/www.8projects.ch\/de\/?s={search_term_string}"},"query-input":"required name=search_term_string"}],"inLanguage":"de"}]}},"_links":{"self":[{"href":"https:\/\/www.8projects.ch\/de\/wp-json\/wp\/v2\/pages\/12726","targetHints":{"allow":["GET"]}}],"collection":[{"href":"https:\/\/www.8projects.ch\/de\/wp-json\/wp\/v2\/pages"}],"about":[{"href":"https:\/\/www.8projects.ch\/de\/wp-json\/wp\/v2\/types\/page"}],"author":[{"embeddable":true,"href":"https:\/\/www.8projects.ch\/de\/wp-json\/wp\/v2\/users\/1"}],"replies":[{"embeddable":true,"href":"https:\/\/www.8projects.ch\/de\/wp-json\/wp\/v2\/comments?post=12726"}],"version-history":[{"count":3,"href":"https:\/\/www.8projects.ch\/de\/wp-json\/wp\/v2\/pages\/12726\/revisions"}],"predecessor-version":[{"id":12816,"href":"https:\/\/www.8projects.ch\/de\/wp-json\/wp\/v2\/pages\/12726\/revisions\/12816"}],"wp:attachment":[{"href":"https:\/\/www.8projects.ch\/de\/wp-json\/wp\/v2\/media?parent=12726"}],"curies":[{"name":"wp","href":"https:\/\/api.w.org\/{rel}","templated":true}]}}