{"id":13040,"date":"2024-10-22T16:47:50","date_gmt":"2024-10-22T14:47:50","guid":{"rendered":"https:\/\/www.8projects.ch\/investitionsmoeglichkeiten-in-immobilien\/"},"modified":"2025-07-17T10:29:59","modified_gmt":"2025-07-17T08:29:59","slug":"investitionsmoeglichkeiten-in-immobilien","status":"publish","type":"page","link":"https:\/\/www.8projects.ch\/de\/investitionsmoeglichkeiten-in-immobilien\/","title":{"rendered":"Investitionsm\u00f6glichkeiten in Immobilien"},"content":{"rendered":"\n\n<div class=\"section section-header is-home v-center\" style=\"\">\n <div id=\"js-parallaxHeroSky\" class=\"section-bg-sky\" style=\"background-image:url(\/wp-content\/themes\/ocean\/assets\/img\/hero\/img-sky.jpg)\"><\/div>\n <div id=\"js-parallaxHero1\" class=\"section-bg\" style=\"background-image:url(https:\/\/www.8projects.ch\/wp-content\/uploads\/2024\/10\/bg-head-vision.webp)\"><\/div><!-- https:\/\/www.8projects.ch\/wp-content\/uploads\/2024\/10\/bg-head-vision.webp-->\n <div id=\"js-parallaxHero2\" class=\"section-bg-bottom\" style=\"background-image:url()\"><\/div><!-- -->\n\n  <div class=\"container\">\n    <div class=\"row\">\n      <div class=\"col-xs-12\">\n        <div class=\"text-container text-center o-hidden\">\n            \n                          <h1 class=\"is-custom\">\n<span class=\"wow fadeIn\" data-wow-delay=\".5s\">WIR<\/span> <em class=\"wow fadeIn\" data-wow-delay=\"1s\">gestalten<\/em> <span class=\"wow fadeIn\" data-wow-delay=\".5s\">IHR<\/span><br \/><strong class=\"wow fadeIn\" data-wow-delay=\"1.5s\">INVESTMENT<\/strong><br \/>\n<\/h1>\n           \n                          <div class=\"hero-paragraph wow fadeIn\" data-wow-delay=\"1.75s\"><p>8 Projects entwickelt Immobilienprojekte, die Wert und Wachstum generieren<\/p>\n<\/div>\n           \n                          <div class=\"hero-action wow fadeIn\" data-wow-delay=\"1.75s\">\n                    <a href=\"#contacts\" target=\"_self\" class=\"btn btn-primary wow fadeIn\" data-wow-delay=\".9s\">\n                        INFORMATIONEN ANFORDERN                    <\/a>\n                <\/div>\n                    <\/div>\n      <\/div>\n    <\/div>\n  <\/div>\n\n  <div class=\"circle-animated top wow\" style=\"background-image:url(https:\/\/www.8projects.ch\/wp-content\/uploads\/2024\/10\/landing-img-round-02.webp)\"><\/div>\n  <div class=\"circle-animated bottom wow\" style=\"background-image:url(https:\/\/www.8projects.ch\/wp-content\/uploads\/2024\/10\/landing-img-round-01.webp)\"><\/div>\n<\/div>\n\n\r\n<div class=\"section block-simple section-otto\" style=\"\">\r\n  <div class=\"container\">\r\n    <div class=\"row\">\r\n      <div class=\"col-xs-12 col-sm-10 col-md-10 \">\r\n        <div class=\"section-title o-hidden\">\r\n            \r\n                      <div class=\"wow fadeInUp\" data-wow-delay=\".3s\">\r\n              <h3>ES SCHREIBT SICH <strong>IMMOBILIENENTWICKLUNG<\/strong>,<br \/>ABER ES LIEST SICH <strong>OTTO PROJECTS<\/strong><\/h3>\n            <\/div>\r\n           \r\n        <\/div>\r\n      <\/div>\r\n    <\/div>\r\n\r\n    <div class=\"row\">\r\n      <div class=\"col-xs-12 col-sm-10 col-sm-offset-2 col-md-10 col-md-offset-2 \">\r\n                  <div class=\"text wow fadeIn\" data-wow-delay=\".6s\">\r\n            <div class=\"lead\">Wir sind ein Unternehmen mit Sitz in Lugano, in der Schweiz, <strong>das Investitions- und Gewinnm\u00f6glichkeiten entwickelt<\/strong>.<\/div>\n<p>Der Ehrgeiz, unsere Idee \u00fcber die nationalen Grenzen hinaus zu tragen, erlaubt es uns, uns nicht nur auf <b>europ\u00e4ische M\u00e4rkte<\/b> wie Italien und Deutschland zu beschr\u00e4nken, sondern er treibt uns dazu an, Horizonte jenseits unserer Grenzen zu erkunden und Visionen und Kulturen zu integrieren. In jedem Zusammenhang begegnen wir uns mit <b>Professionalit\u00e4t und Respekt<\/b> und bauen eine vertrauensvolle Zusammenarbeit mit unseren Kunden auf, um ein gemeinsames von <b>Erfolg<\/b> gespicktes Ziel zu erreichen. <\/p>\n          <\/div>\r\n              \r\n\r\n                    <a href=\"https:\/\/www.8projects.ch\/de\/unternehmen\/\" target=\"_self\" class=\"btn btn-primary wow fadeIn\" data-wow-delay=\".9s\">\r\n              Mehr erfahren            <\/a>\r\n              <\/div>\r\n    <\/div>\r\n  <\/div>\r\n\r\n      <div class=\"img-container\">\r\n      <img decoding=\"async\" src=\"https:\/\/www.8projects.ch\/wp-content\/uploads\/2024\/02\/txt-otto.svg\" class=\"img-responsive img-fade wow fadeInUp\" data-wow-delay=\"0.6s\" data-wow-duration=\"1.5s\">\r\n    <\/div>\r\n  <\/div>\r\n\r\n\r\n<div class=\"section section-carousel-values card-alt\" style=\"background-image: url(https:\/\/www.8projects.ch\/wp-content\/uploads\/2024\/02\/bg-about-values-scaled.jpg);\">\r\n      <div class=\"section-bg-over hidden-xs hidden-sm\" style=\"background-image:url(https:\/\/www.8projects.ch\/wp-content\/uploads\/2024\/04\/img-interna-pilastro.png);\"><\/div>\r\n  \r\n  <div class=\"container-fluid\">\r\n    <div class=\"row flex align-items-center\">\r\n      <div class=\"col-xs-12 col-md-4\">\r\n\r\n        <div id=\"js-carouselNavblock_e0ca1cc9484b0922ae5f4d839ba73703\" class=\"carousel-controls carousel-arrows-lr\" aria-label=\"Carousel Navigation\" tabindex=\"0\">\r\n          <div class=\"prev\" data-controls=\"prev\" aria-controls=\"customize\" tabindex=\"-1\">\r\n            <div class=\"icon-carousel-left\"><\/div>\r\n          <\/div>\r\n          <div class=\"next\" data-controls=\"next\" aria-controls=\"customize\" tabindex=\"-1\">\r\n            <div class=\"icon-carousel-right\"><\/div>\r\n          <\/div>\r\n        <\/div>\r\n\r\n        <div class=\"section-title o-hidden\">\r\n                                <div class=\"wow fadeInUp\" data-wow-delay=\".3s\">\r\n              <h3>VON DER BEWERTUNG EINER INVESTITION<br \/>BIS ZUR <strong>REALISIERUNG<\/strong> EINES VOLLST\u00c4NDIGEN PROJEKTS.<\/h3>\n            <\/div>\r\n           \r\n                      <div class=\"description wow fadeInUp\" data-wow-delay=\".3s\">\r\n              <p>F\u00fcr die Immobilienentwicklung sind verschiedene <strong>Fachleute<\/strong> und zahlreiche <strong>Kompetenzen<\/strong> erforderlich, die durch jahrelange, leidenschaftliche Erfahrung in diesem Bereich erworben wurden.<\/p>\n<p>Identifizierung, Bewertung, Finanz- und Machbarkeitsanalyse, die zur <strong>Entwicklung eines Projekts<\/strong> f\u00fchren, das <strong>sowohl zufriedenstellend als auch profitabel<\/strong> ist.<\/p>\n            <\/div>\r\n           \r\n        <\/div>\r\n      <\/div>\r\n\r\n      <div class=\"carousel-column col-xs-12 col-md-8 pl-0 pr-0\">\r\n\r\n          \r\n          <div class=\"carousel-container\">\r\n            \r\n\r\n            <div id=\"js-carouselblock_e0ca1cc9484b0922ae5f4d839ba73703\" class=\"tiny-slider\">\r\n\r\n              \r\n                <div class=\"item\">\r\n                  <div class=\"card card-value\">\r\n                    <div class=\"card-body\">\r\n                      <div class=\"section-title\">\r\n                        <h4><\/h4>\r\n                        <div class=\"number\">\r\n                          01                        <\/div>\r\n                        <div class=\"text\">\r\n                          <p>IDENTIFIZIERUNG UND BEWERTUNG DES STANDORTS ODER GRUNDST\u00dcCKS<\/p>\n                        <\/div>\r\n                      <\/div>\r\n                    <\/div>\r\n                  <\/div>\r\n                <\/div>\r\n\r\n              \r\n                <div class=\"item\">\r\n                  <div class=\"card card-value\">\r\n                    <div class=\"card-body\">\r\n                      <div class=\"section-title\">\r\n                        <h4><\/h4>\r\n                        <div class=\"number\">\r\n                          02                        <\/div>\r\n                        <div class=\"text\">\r\n                          <p>MACHBARKEITSANALYSE<\/p>\n                        <\/div>\r\n                      <\/div>\r\n                    <\/div>\r\n                  <\/div>\r\n                <\/div>\r\n\r\n              \r\n                <div class=\"item\">\r\n                  <div class=\"card card-value\">\r\n                    <div class=\"card-body\">\r\n                      <div class=\"section-title\">\r\n                        <h4><\/h4>\r\n                        <div class=\"number\">\r\n                          03                        <\/div>\r\n                        <div class=\"text\">\r\n                          <p>GRUNDST\u00dcCKSERWERB<\/p>\n                        <\/div>\r\n                      <\/div>\r\n                    <\/div>\r\n                  <\/div>\r\n                <\/div>\r\n\r\n              \r\n                <div class=\"item\">\r\n                  <div class=\"card card-value\">\r\n                    <div class=\"card-body\">\r\n                      <div class=\"section-title\">\r\n                        <h4><\/h4>\r\n                        <div class=\"number\">\r\n                          04                        <\/div>\r\n                        <div class=\"text\">\r\n                          <p>LIZENZERWERB<\/p>\n                        <\/div>\r\n                      <\/div>\r\n                    <\/div>\r\n                  <\/div>\r\n                <\/div>\r\n\r\n              \r\n                <div class=\"item\">\r\n                  <div class=\"card card-value\">\r\n                    <div class=\"card-body\">\r\n                      <div class=\"section-title\">\r\n                        <h4><\/h4>\r\n                        <div class=\"number\">\r\n                          05                        <\/div>\r\n                        <div class=\"text\">\r\n                          <p>BERATUNG IM BEREICH FINANZMITTELBESCHAFFUNG<\/p>\n                        <\/div>\r\n                      <\/div>\r\n                    <\/div>\r\n                  <\/div>\r\n                <\/div>\r\n\r\n              \r\n                <div class=\"item\">\r\n                  <div class=\"card card-value\">\r\n                    <div class=\"card-body\">\r\n                      <div class=\"section-title\">\r\n                        <h4><\/h4>\r\n                        <div class=\"number\">\r\n                          06                        <\/div>\r\n                        <div class=\"text\">\r\n                          <p>ENTWICKLUNG DES PROJEKTS<\/p>\n                        <\/div>\r\n                      <\/div>\r\n                    <\/div>\r\n                  <\/div>\r\n                <\/div>\r\n\r\n              \r\n                <div class=\"item\">\r\n                  <div class=\"card card-value\">\r\n                    <div class=\"card-body\">\r\n                      <div class=\"section-title\">\r\n                        <h4><\/h4>\r\n                        <div class=\"number\">\r\n                          07                        <\/div>\r\n                        <div class=\"text\">\r\n                          <p>BAULEITUNG<\/p>\n                        <\/div>\r\n                      <\/div>\r\n                    <\/div>\r\n                  <\/div>\r\n                <\/div>\r\n\r\n              \r\n                <div class=\"item\">\r\n                  <div class=\"card card-value\">\r\n                    <div class=\"card-body\">\r\n                      <div class=\"section-title\">\r\n                        <h4><\/h4>\r\n                        <div class=\"number\">\r\n                          08                        <\/div>\r\n                        <div class=\"text\">\r\n                          <p>MARKETING UND VERKAUF<\/p>\n                        <\/div>\r\n                      <\/div>\r\n                    <\/div>\r\n                  <\/div>\r\n                <\/div>\r\n\r\n              \r\n            <\/div>\r\n\r\n          <\/div>\r\n\r\n          <script>\r\n            jQuery(document).ready(function () {\r\n              if (jQuery(\"#js-carouselblock_e0ca1cc9484b0922ae5f4d839ba73703\").length > 0) {\r\n                tns({\r\n                  container: \"#js-carouselblock_e0ca1cc9484b0922ae5f4d839ba73703\",\r\n                  controlsContainer: \"#js-carouselNavblock_e0ca1cc9484b0922ae5f4d839ba73703\",\r\n                  items: 2,\r\n                  slideBy: 1,\r\n                  mouseDrag: true,\r\n                  swipeAngle: 30,\r\n                  nav: false,\r\n                  loop: false,\r\n                  responsive: {\r\n                    320: {\r\n                      items: 1.3,\r\n                      gutter: 15,\r\n                      edgePadding: 15,\r\n                    },\r\n                    767: {\r\n                      items: 2.4,\r\n                      gutter: 30,\r\n                      edgePadding: 30,\r\n                    },\r\n                    991: {\r\n                      items: 1.8,\r\n                      edgePadding: 200,\r\n                    },\r\n                    1200: {\r\n                      items: 1.5,\r\n                      edgePadding: 300,\r\n                    },\r\n                    1440: {\r\n                      items: 1.8,\r\n                    },\r\n                  }\r\n                });\r\n              }\r\n            });\r\n          <\/script>\r\n\r\n        \r\n      <\/div>\r\n    <\/div>\r\n  <\/div>\r\n<\/div>\r\n\r\n\r\n<div class=\"section block-simple o-hidden \" style=\"\">\r\n  <div class=\"container\">\r\n    <div class=\"row flex align-items-center row-gap-3\">\r\n      <div class=\"col-xs-12 col-sm-12 col-md-4 col-lg-4 \">\r\n                  <img decoding=\"async\" src=\"https:\/\/www.8projects.ch\/wp-content\/uploads\/2024\/10\/landing-wall-bg.webp\" class=\"img-responsive w-100 wow fadeInLeft\" data-wow-delay=\".3s\">\r\n              <\/div>\r\n\r\n      <div class=\"col-xs-12 col-sm-12 col-md-8 col-lg-8 \">\r\n        <div class=\"row\">\r\n          <div class=\"col-xs-12\">\r\n            <div class=\"section-title o-hidden\">\r\n                \r\n                              <div class=\"wow fadeInUp\" data-wow-delay=\".6s\">\r\n                  <h3><strong>NEBENDIENSTLEISTUNGEN<\/strong><br \/>F\u00dcR EINE <strong>ERFOLGREICHE INVESTITION<\/strong><\/h3>\n                <\/div>\r\n               \r\n            <\/div>\r\n          <\/div>\r\n        <\/div>\r\n\r\n        <div class=\"row\">\r\n          <div class=\"col-xs-12 col-sm-10 col-sm-offset-2 \">\r\n                          <div class=\"text wow fadeIn\" data-wow-delay=\".9s\">\r\n                <p>Neben der Immobilienentwicklung bietet <b>8 Projects<\/b> eine Reihe von <b>erg\u00e4nzenden Dienstleistungen<\/b> an, um den Erfolg eines jeden Projekts zu gew\u00e4hrleisten. Wir k\u00fcmmern uns um das <b>Baumanagement<\/b>, das <b>komplexe Projektmanagement<\/b> und die <b>Investitionsberatung<\/b> und begleiten den Kunden in jeder Phase.<br \/>\n<br \/>Wir sind Experten f\u00fcr <b>Sanierungen und Renovierungen<\/b> mit Schwerpunkt auf Nachhaltigkeit. Wir bieten auch schl\u00fcsselfertige L\u00f6sungen als <b>Generalunternehmer<\/b> an und k\u00fcmmern uns um die <b>Innenarchitektur<\/b> und die <b>Planung von M\u00f6beln<\/b>, einschlie\u00dflich hochwertiger <b>Hi-Fi-R\u00e4ume<\/b>.<br \/>\n<br \/>Bei uns wird auf jedes Detail geachtet, um den <b>Wert Ihrer Investition zu maximieren<\/b>.<\/p>\n              <\/div>\r\n                  \r\n\r\n                      <\/div>\r\n        <\/div>\r\n      <\/div>\r\n    <\/div>\r\n  <\/div>\r\n<\/div>\r\n\r\n\n<p class=\"hidden has-small-font-size\" id=\"info\">Info<\/p>\n\r\n  <div id=\"contacts\" class=\"a-anchor\"><\/div>\r\n<div class=\"section \" style=\"background-image: url(https:\/\/www.8projects.ch\/wp-content\/uploads\/2024\/10\/form-bg.webp);\">\r\n    <div class=\"container\">\r\n      <div class=\"row\">\r\n        <div class=\"col-sx-12 col-md-4\">\r\n          <div class=\"section-title\">\r\n                          <div class=\"wow fadeInUp\" data-wow-delay=\".3s\">\r\n                <h4>HABEN SIE EINE <strong>IDEE<\/strong> ZU ENTWICKELN?<\/h4>\n              <\/div>\r\n                      <\/div>\r\n                      <div class=\"wow fadeIn\" data-wow-delay=\".6s\">\r\n              <p>Nehmen Sie mit uns Kontakt auf, um Informationen zu erhalten, ein Gespr\u00e4ch zu f\u00fchren oder Ihre Vision zu konkretisieren, indem Sie dieses Formular ausf\u00fcllen.<\/p>\n            <\/div>\r\n                  <\/div>\r\n\r\n        <div class=\"col-xs-12 col-md-8\">\r\n\t\t\t    \n<div class=\"wpcf7 no-js\" id=\"wpcf7-f12867-o1\" lang=\"de-DE\" dir=\"ltr\">\n<div class=\"screen-reader-response\"><p role=\"status\" aria-live=\"polite\" aria-atomic=\"true\"><\/p> <ul><\/ul><\/div>\n<form action=\"\/de\/wp-json\/wp\/v2\/pages\/13040#wpcf7-f12867-o1\" method=\"post\" class=\"wpcf7-form init\" aria-label=\"Kontaktformular\" novalidate=\"novalidate\" data-status=\"init\">\n<div style=\"display: none;\">\n<input type=\"hidden\" name=\"_wpcf7\" value=\"12867\" \/>\n<input type=\"hidden\" name=\"_wpcf7_version\" value=\"5.9.5\" \/>\n<input type=\"hidden\" name=\"_wpcf7_locale\" value=\"de_DE\" \/>\n<input type=\"hidden\" name=\"_wpcf7_unit_tag\" value=\"wpcf7-f12867-o1\" \/>\n<input type=\"hidden\" name=\"_wpcf7_container_post\" value=\"0\" \/>\n<input type=\"hidden\" name=\"_wpcf7_posted_data_hash\" value=\"\" \/>\n<input type=\"hidden\" name=\"_wpcf7_recaptcha_response\" value=\"\" \/>\n<\/div>\n<p><input type=\"hidden\" name=\"formPageUrl\" value=\"https:\/\/www.8projects.ch\/de\/wp-json\/wp\/v2\/pages\/13040\" \/>\n<\/p>\n<div class=\"form-contact\">\n\t<div class=\"row\">\n\t\t<div class=\"col-xs-12 col-sm-6\">\n\t\t\t<div class=\"form-group\">\n\t\t\t\t<p><span class=\"wpcf7-form-control-wrap\" data-name=\"formNameSurname\"><input size=\"40\" class=\"wpcf7-form-control wpcf7-text wpcf7-validates-as-required form-control\" aria-required=\"true\" aria-invalid=\"false\" placeholder=\"Voller Name *\" value=\"\" type=\"text\" name=\"formNameSurname\" \/><\/span>\n\t\t\t\t<\/p>\n\t\t\t<\/div>\n\t\t<\/div>\n\t\t<div class=\"col-xs-12 col-sm-6\">\n\t\t\t<div class=\"form-group\">\n\t\t\t\t<p><span class=\"wpcf7-form-control-wrap\" data-name=\"formCompany\"><input size=\"40\" class=\"wpcf7-form-control wpcf7-text form-control\" aria-invalid=\"false\" placeholder=\"Unternehmen\" value=\"\" type=\"text\" name=\"formCompany\" \/><\/span>\n\t\t\t\t<\/p>\n\t\t\t<\/div>\n\t\t<\/div>\n\t<\/div>\n\t<div class=\"row\">\n\t\t<div class=\"col-xs-12 col-sm-6\">\n\t\t\t<div class=\"form-group\">\n\t\t\t\t<p><span class=\"wpcf7-form-control-wrap\" data-name=\"formEmail\"><input size=\"40\" class=\"wpcf7-form-control wpcf7-email wpcf7-validates-as-required wpcf7-text wpcf7-validates-as-email form-control\" aria-required=\"true\" aria-invalid=\"false\" placeholder=\"Email *\" value=\"\" type=\"email\" name=\"formEmail\" \/><\/span>\n\t\t\t\t<\/p>\n\t\t\t<\/div>\n\t\t<\/div>\n\t\t<div class=\"col-xs-12 col-sm-6\">\n\t\t\t<div class=\"form-group\">\n\t\t\t\t<p><span class=\"wpcf7-form-control-wrap\" data-name=\"formPhone\"><input size=\"40\" class=\"wpcf7-form-control wpcf7-text form-control\" aria-invalid=\"false\" placeholder=\"Telefon\" value=\"\" type=\"text\" name=\"formPhone\" \/><\/span>\n\t\t\t\t<\/p>\n\t\t\t<\/div>\n\t\t<\/div>\n\t\t<div class=\"col-xs-12\">\n\t\t\t<div class=\"form-group\">\n\t\t\t\t<p><span class=\"wpcf7-form-control-wrap\" data-name=\"formDescription\"><textarea cols=\"10\" rows=\"1\" class=\"wpcf7-form-control wpcf7-textarea form-control\" aria-invalid=\"false\" placeholder=\"Nachricht\" name=\"formDescription\"><\/textarea><\/span>\n\t\t\t\t<\/p>\n\t\t\t<\/div>\n\t\t<\/div>\n\t<\/div>\n\t<div class=\"row\">\n\t\t<div class=\"col-xs-12\">\n\t\t\t<p><span class=\"wpcf7-form-control-wrap\" data-name=\"formPrivacy\"><span class=\"wpcf7-form-control wpcf7-acceptance\"><span class=\"wpcf7-list-item\"><label><input type=\"checkbox\" name=\"formPrivacy\" value=\"1\" class=\"form-check-input\" aria-invalid=\"false\" \/><span class=\"wpcf7-list-item-label\">Ich bin damit einverstanden, dass meine pers\u00f6nlichen Daten in \u00dcbereinstimmung mit der <a href=\"\/de\/privacy-policy\/\" target=\"_blank\"><u>Datenschutzerkl\u00e4rung<\/u><\/a> verwendet werden *<\/span><\/label><\/span><\/span><\/span><span class=\"wpcf7-form-control-wrap\" data-name=\"formMarketing\"><span class=\"wpcf7-form-control wpcf7-acceptance optional\"><span class=\"wpcf7-list-item\"><label><input type=\"checkbox\" name=\"formMarketing\" value=\"1\" class=\"form-check-input\" aria-invalid=\"false\" \/><span class=\"wpcf7-list-item-label\">Ich stimme der Verarbeitung meiner pers\u00f6nlichen Daten zu, um \u00fcber Neuzug\u00e4nge informiert zu werden und zu Zwecken des Direktmarketings im Zusammenhang mit den angebotenen Dienstleistungen.<\/span><\/label><\/span><\/span><\/span>\n\t\t\t<\/p>\n\t\t<\/div>\n\t\t<div class=\"col-xs-12 text-right\">\n\t\t\t<p><input class=\"wpcf7-form-control wpcf7-submit has-spinner btn btn-primary\" type=\"submit\" value=\"Invia\" \/>\n\t\t\t<\/p>\n\t\t<\/div>\n\t<\/div>\n<\/div><div class=\"wpcf7-response-output\" aria-hidden=\"true\"><\/div>\n<\/form>\n<\/div>\n        <\/div>        \r\n      <\/div>\r\n    <\/div>\r\n\r\n<\/div>\r\n\r\n","protected":false},"excerpt":{"rendered":"<p>Info<\/p>\n","protected":false},"author":1,"featured_media":0,"parent":0,"menu_order":0,"comment_status":"closed","ping_status":"closed","template":"","meta":{"_acf_changed":false,"footnotes":""},"class_list":["post-13040","page","type-page","status-publish","hentry"],"acf":[],"yoast_head":"<!-- This site is optimized with the Yoast SEO plugin v22.8 - https:\/\/yoast.com\/wordpress\/plugins\/seo\/ -->\n<title>Investitionsm\u00f6glichkeiten in Immobilien | 8 Projects<\/title>\n<meta name=\"description\" content=\"Wir gestalten Ihre Visionen mit Immobilienprojekten, die eine bedeutende wirtschaftliche Rendite gew\u00e4hrleisten. Erfahren Sie mehr und kontaktieren Sie uns f\u00fcr Informationen!\" \/>\n<meta name=\"robots\" content=\"index, follow, max-snippet:-1, max-image-preview:large, max-video-preview:-1\" \/>\n<link rel=\"canonical\" href=\"https:\/\/www.8projects.ch\/de\/investitionsmoeglichkeiten-in-immobilien\/\" \/>\n<meta property=\"og:locale\" content=\"de_DE\" \/>\n<meta property=\"og:type\" content=\"article\" \/>\n<meta property=\"og:title\" content=\"Investitionsm\u00f6glichkeiten in Immobilien | 8 Projects\" \/>\n<meta property=\"og:description\" content=\"Wir gestalten Ihre Visionen mit Immobilienprojekten, die eine bedeutende wirtschaftliche Rendite gew\u00e4hrleisten. Erfahren Sie mehr und kontaktieren Sie uns f\u00fcr Informationen!\" \/>\n<meta property=\"og:url\" content=\"https:\/\/www.8projects.ch\/de\/investitionsmoeglichkeiten-in-immobilien\/\" \/>\n<meta property=\"og:site_name\" content=\"8 Projects\" \/>\n<meta property=\"article:modified_time\" content=\"2025-07-17T08:29:59+00:00\" \/>\n<meta name=\"twitter:card\" content=\"summary_large_image\" \/>\n<script type=\"application\/ld+json\" class=\"yoast-schema-graph\">{\"@context\":\"https:\/\/schema.org\",\"@graph\":[{\"@type\":\"WebPage\",\"@id\":\"https:\/\/www.8projects.ch\/de\/investitionsmoeglichkeiten-in-immobilien\/\",\"url\":\"https:\/\/www.8projects.ch\/de\/investitionsmoeglichkeiten-in-immobilien\/\",\"name\":\"Investitionsm\u00f6glichkeiten in Immobilien | 8 Projects\",\"isPartOf\":{\"@id\":\"https:\/\/www.8projects.ch\/de\/#website\"},\"datePublished\":\"2024-10-22T14:47:50+00:00\",\"dateModified\":\"2025-07-17T08:29:59+00:00\",\"description\":\"Wir gestalten Ihre Visionen mit Immobilienprojekten, die eine bedeutende wirtschaftliche Rendite gew\u00e4hrleisten. Erfahren Sie mehr und kontaktieren Sie uns f\u00fcr Informationen!\",\"inLanguage\":\"de\",\"potentialAction\":[{\"@type\":\"ReadAction\",\"target\":[\"https:\/\/www.8projects.ch\/de\/investitionsmoeglichkeiten-in-immobilien\/\"]}]},{\"@type\":\"WebSite\",\"@id\":\"https:\/\/www.8projects.ch\/de\/#website\",\"url\":\"https:\/\/www.8projects.ch\/de\/\",\"name\":\"8 Projects\",\"description\":\"\",\"potentialAction\":[{\"@type\":\"SearchAction\",\"target\":{\"@type\":\"EntryPoint\",\"urlTemplate\":\"https:\/\/www.8projects.ch\/de\/?s={search_term_string}\"},\"query-input\":\"required name=search_term_string\"}],\"inLanguage\":\"de\"}]}<\/script>\n<!-- \/ Yoast SEO plugin. -->","yoast_head_json":{"title":"Investitionsm\u00f6glichkeiten in Immobilien | 8 Projects","description":"Wir gestalten Ihre Visionen mit Immobilienprojekten, die eine bedeutende wirtschaftliche Rendite gew\u00e4hrleisten. Erfahren Sie mehr und kontaktieren Sie uns f\u00fcr Informationen!","robots":{"index":"index","follow":"follow","max-snippet":"max-snippet:-1","max-image-preview":"max-image-preview:large","max-video-preview":"max-video-preview:-1"},"canonical":"https:\/\/www.8projects.ch\/de\/investitionsmoeglichkeiten-in-immobilien\/","og_locale":"de_DE","og_type":"article","og_title":"Investitionsm\u00f6glichkeiten in Immobilien | 8 Projects","og_description":"Wir gestalten Ihre Visionen mit Immobilienprojekten, die eine bedeutende wirtschaftliche Rendite gew\u00e4hrleisten. Erfahren Sie mehr und kontaktieren Sie uns f\u00fcr Informationen!","og_url":"https:\/\/www.8projects.ch\/de\/investitionsmoeglichkeiten-in-immobilien\/","og_site_name":"8 Projects","article_modified_time":"2025-07-17T08:29:59+00:00","twitter_card":"summary_large_image","schema":{"@context":"https:\/\/schema.org","@graph":[{"@type":"WebPage","@id":"https:\/\/www.8projects.ch\/de\/investitionsmoeglichkeiten-in-immobilien\/","url":"https:\/\/www.8projects.ch\/de\/investitionsmoeglichkeiten-in-immobilien\/","name":"Investitionsm\u00f6glichkeiten in Immobilien | 8 Projects","isPartOf":{"@id":"https:\/\/www.8projects.ch\/de\/#website"},"datePublished":"2024-10-22T14:47:50+00:00","dateModified":"2025-07-17T08:29:59+00:00","description":"Wir gestalten Ihre Visionen mit Immobilienprojekten, die eine bedeutende wirtschaftliche Rendite gew\u00e4hrleisten. Erfahren Sie mehr und kontaktieren Sie uns f\u00fcr Informationen!","inLanguage":"de","potentialAction":[{"@type":"ReadAction","target":["https:\/\/www.8projects.ch\/de\/investitionsmoeglichkeiten-in-immobilien\/"]}]},{"@type":"WebSite","@id":"https:\/\/www.8projects.ch\/de\/#website","url":"https:\/\/www.8projects.ch\/de\/","name":"8 Projects","description":"","potentialAction":[{"@type":"SearchAction","target":{"@type":"EntryPoint","urlTemplate":"https:\/\/www.8projects.ch\/de\/?s={search_term_string}"},"query-input":"required name=search_term_string"}],"inLanguage":"de"}]}},"_links":{"self":[{"href":"https:\/\/www.8projects.ch\/de\/wp-json\/wp\/v2\/pages\/13040","targetHints":{"allow":["GET"]}}],"collection":[{"href":"https:\/\/www.8projects.ch\/de\/wp-json\/wp\/v2\/pages"}],"about":[{"href":"https:\/\/www.8projects.ch\/de\/wp-json\/wp\/v2\/types\/page"}],"author":[{"embeddable":true,"href":"https:\/\/www.8projects.ch\/de\/wp-json\/wp\/v2\/users\/1"}],"replies":[{"embeddable":true,"href":"https:\/\/www.8projects.ch\/de\/wp-json\/wp\/v2\/comments?post=13040"}],"version-history":[{"count":5,"href":"https:\/\/www.8projects.ch\/de\/wp-json\/wp\/v2\/pages\/13040\/revisions"}],"predecessor-version":[{"id":13056,"href":"https:\/\/www.8projects.ch\/de\/wp-json\/wp\/v2\/pages\/13040\/revisions\/13056"}],"wp:attachment":[{"href":"https:\/\/www.8projects.ch\/de\/wp-json\/wp\/v2\/media?parent=13040"}],"curies":[{"name":"wp","href":"https:\/\/api.w.org\/{rel}","templated":true}]}}